{"id":5283,"date":"2020-07-29T05:23:13","date_gmt":"2020-07-29T05:23:13","guid":{"rendered":"https:\/\/veronalamiere.24co.it\/ein-gut-gemachter-stuhl\/"},"modified":"2024-09-03T10:02:34","modified_gmt":"2024-09-03T10:02:34","slug":"ein-gut-gemachter-stuhl","status":"publish","type":"page","link":"https:\/\/veronalamiere.it\/de\/ein-gut-gemachter-stuhl\/","title":{"rendered":"Ein gut gemachter Stuhl"},"content":{"rendered":"<section id=\"bt_bb_section69dcbed5e80da\"  class=\"bt_bb_section bt_bb_bottom_spacing_medium bt_bb_layout_boxed_1200 bt_bb_vertical_align_top\" ><div class=\"bt_bb_port\"><div class=\"bt_bb_cell\"><div class=\"bt_bb_cell_inner\"><div class=\"bt_bb_row \"  data-bt-override-class=\"{}\"><div class=\"bt_bb_row_holder\" style=\"; margin-top: -2em;;\"><div  class=\"bt_bb_column col-xxl-12 col-xl-12 bt_bb_vertical_align_top bt_bb_align_left bt_bb_padding_normal bt_bb_animation_fade_in animate\"  data-width=\"12\" data-bt-override-class=\"{}\"><div class=\"bt_bb_column_content\"><div class=\"bt_bb_separator bt_bb_border_style_none bt_bb_bottom_spacing_large\" data-bt-override-class=\"null\"><\/div><header class=\"bt_bb_headline bt_bb_dash_none bt_bb_size_inherit bt_bb_align_inherit\" data-bt-override-class=\"{}\"><h1 class=\"bt_bb_headline_tag\"><span class=\"bt_bb_headline_content\"><span>Ein gut gemachter Stuhl<\/span><\/span><\/h1><\/header><div class=\"bt_bb_separator bt_bb_border_style_none bt_bb_bottom_spacing_normal\" data-bt-override-class=\"null\"><\/div><div class=\" bt_bb_row_inner\"   data-bt-override-class=\"{}\"><div class=\"bt_bb_row_inner_holder\"  ><div  class=\"bt_bb_column_inner col-xxl-6 col-xl-6 bt_bb_align_left bt_bb_vertical_align_top\"  data-width=\"6\" data-bt-override-class=\"{}\"><div class=\"bt_bb_column_inner_content\"><div  class=\"bt_bb_text\" ><\/p>\n<p>Man muss uns glauben: Wir sind in einem fr\u00f6hlichen Volk gro\u00df geworden. (\u2026)<br \/>\nZu meiner Zeit hatten alle ein Lied auf den Lippen. In den meisten Berufsst\u00e4nden hatte man ein Lied auf den Lippen. (\u2026)<\/p>\n<p>ir haben diesen Kult des gut gemachten Werks gekannt, der bis zum \u00e4u\u00dfersten Anspruch vorangetrieben und aufrecht erhalten wurde. <strong>Meine ganze Kindheit lang habe ich gesehen, wie St\u00fchle in demselben Geist, aus demselben Herzen und mit derselben Hand mit Stroh bespannt wurden, mit denen dieses Volk den Stein seiner Kathedralen behauen hatte. (\u2026)<\/strong><\/p>\n<p>Diese Arbeiter dienten nicht. Sie arbeiteten. Sie hatten eine Ehre, die absolut war, wie es der Ehre zu eigen ist. Ein Stuhlbein musste gut gemacht sein. Das war selbstverst\u00e4ndlich. Das hatte Vorrang. Es musste nicht gut gemacht sein f\u00fcr das Gehalt oder um das Gehalt zu rechtfertigen.<strong>Es musste nicht gut gemacht sein f\u00fcr den Chef oder f\u00fcr Kenner oder f\u00fcr die Kunden des Chefs. Es musste aus sich selbst gut gemacht sein, in sich selbst, f\u00fcr sich selbst, in seinem Wesen selbst. (\u2026)<\/strong><\/p>\n<p>Alle Teile des Stuhls, auch die, die man nicht sah, waren genauso perfekt gemacht wie das, was man sah. Es war das gleiche Prinzip der Kathedralen. (\u2026.)<\/p>\n<p><strong>Es handelte sich nicht darum, gesehen oder nicht gesehen zu werden. Es war das Wesen der Arbeit selbst, die gut gemacht sein wollte.<\/strong><\/p>\n<p>Charles Peguy<\/p>\n<p>aus \u201eDas Geld\u201c,1913<\/p>\n<p>\n<\/div><div class=\"bt_bb_separator bt_bb_border_style_none bt_bb_bottom_spacing_normal bt_bb_hidden_md bt_bb_hidden_lg\" data-bt-override-class=\"null\"><\/div><\/div><\/div><div  class=\"bt_bb_column_inner col-xxl-6 col-xl-6 bt_bb_align_left bt_bb_vertical_align_top\"  data-width=\"6\" data-bt-override-class=\"{}\"><div class=\"bt_bb_column_inner_content\"><div data-bb-version=\"5.1.2\" class=\"bt_bb_video bt_bb_disable_controls_yes\"><div class=\"bt-video-container\"><div style=\"width: 100%;\" class=\"wp-video\"><video class=\"wp-video-shortcode\" id=\"video-5283-1\" width=\"640\" height=\"360\" preload=\"metadata\" controls=\"controls\"><source type=\"video\/youtube\" src=\"https:\/\/youtu.be\/5aB1IbUHrAA?si=A60s6LkEyhhOkCM1&#038;_=1\" \/><a href=\"https:\/\/youtu.be\/5aB1IbUHrAA?si=A60s6LkEyhhOkCM1\">https:\/\/youtu.be\/5aB1IbUHrAA?si=A60s6LkEyhhOkCM1<\/a><\/video><\/div><\/div><\/div><div class=\"bt_bb_separator bt_bb_border_style_none bt_bb_bottom_spacing_normal bt_bb_hidden_md bt_bb_hidden_lg\" data-bt-override-class=\"null\"><\/div><\/div><\/div><\/div><\/div><div class=\"bt_bb_separator bt_bb_border_style_none bt_bb_top_spacing_normal bt_bb_hidden_xs bt_bb_hidden_ms bt_bb_hidden_sm\" style=\"; border-width: 2px; border-color: transparent; border-style: solid;\" data-bt-override-class=\"null\"><\/div><\/div><\/div><\/div><\/div><\/div><\/div><\/div><\/section>\n","protected":false},"excerpt":{"rendered":"","protected":false},"author":1,"featured_media":0,"parent":0,"menu_order":0,"comment_status":"closed","ping_status":"closed","template":"","meta":{"footnotes":""},"class_list":["post-5283","page","type-page","status-publish","hentry"],"yoast_head":"<!-- This site is optimized with the Yoast SEO plugin v27.3 - https:\/\/yoast.com\/product\/yoast-seo-wordpress\/ -->\n<title>Ein gut gemachter Stuhl - Verona Lamiere<\/title>\n<meta name=\"robots\" content=\"index, follow, max-snippet:-1, max-image-preview:large, max-video-preview:-1\" \/>\n<link rel=\"canonical\" href=\"https:\/\/veronalamiere.it\/de\/ein-gut-gemachter-stuhl\/\" \/>\n<meta property=\"og:locale\" content=\"de_DE\" \/>\n<meta property=\"og:type\" content=\"article\" \/>\n<meta property=\"og:title\" content=\"Ein gut gemachter Stuhl - Verona Lamiere\" \/>\n<meta property=\"og:url\" content=\"https:\/\/veronalamiere.it\/de\/ein-gut-gemachter-stuhl\/\" \/>\n<meta property=\"og:site_name\" content=\"Verona Lamiere\" \/>\n<meta property=\"article:modified_time\" content=\"2024-09-03T10:02:34+00:00\" \/>\n<meta name=\"twitter:card\" content=\"summary_large_image\" \/>\n<meta name=\"twitter:label1\" content=\"Gesch\u00e4tzte Lesezeit\" \/>\n\t<meta name=\"twitter:data1\" content=\"3\u00a0Minuten\" \/>\n<script type=\"application\/ld+json\" class=\"yoast-schema-graph\">{\"@context\":\"https:\\\/\\\/schema.org\",\"@graph\":[{\"@type\":\"WebPage\",\"@id\":\"https:\\\/\\\/veronalamiere.it\\\/de\\\/ein-gut-gemachter-stuhl\\\/\",\"url\":\"https:\\\/\\\/veronalamiere.it\\\/de\\\/ein-gut-gemachter-stuhl\\\/\",\"name\":\"Ein gut gemachter Stuhl - Verona Lamiere\",\"isPartOf\":{\"@id\":\"https:\\\/\\\/veronalamiere.it\\\/de\\\/#website\"},\"datePublished\":\"2020-07-29T05:23:13+00:00\",\"dateModified\":\"2024-09-03T10:02:34+00:00\",\"breadcrumb\":{\"@id\":\"https:\\\/\\\/veronalamiere.it\\\/de\\\/ein-gut-gemachter-stuhl\\\/#breadcrumb\"},\"inLanguage\":\"de\",\"potentialAction\":[{\"@type\":\"ReadAction\",\"target\":[\"https:\\\/\\\/veronalamiere.it\\\/de\\\/ein-gut-gemachter-stuhl\\\/\"]}]},{\"@type\":\"BreadcrumbList\",\"@id\":\"https:\\\/\\\/veronalamiere.it\\\/de\\\/ein-gut-gemachter-stuhl\\\/#breadcrumb\",\"itemListElement\":[{\"@type\":\"ListItem\",\"position\":1,\"name\":\"Home\",\"item\":\"https:\\\/\\\/veronalamiere.it\\\/de\\\/\"},{\"@type\":\"ListItem\",\"position\":2,\"name\":\"Ein gut gemachter Stuhl\"}]},{\"@type\":\"WebSite\",\"@id\":\"https:\\\/\\\/veronalamiere.it\\\/de\\\/#website\",\"url\":\"https:\\\/\\\/veronalamiere.it\\\/de\\\/\",\"name\":\"Verona Lamiere\",\"description\":\"Ihr Partner in der Blechbearbeitung\",\"publisher\":{\"@id\":\"https:\\\/\\\/veronalamiere.it\\\/de\\\/#organization\"},\"potentialAction\":[{\"@type\":\"SearchAction\",\"target\":{\"@type\":\"EntryPoint\",\"urlTemplate\":\"https:\\\/\\\/veronalamiere.it\\\/de\\\/?s={search_term_string}\"},\"query-input\":{\"@type\":\"PropertyValueSpecification\",\"valueRequired\":true,\"valueName\":\"search_term_string\"}}],\"inLanguage\":\"de\"},{\"@type\":\"Organization\",\"@id\":\"https:\\\/\\\/veronalamiere.it\\\/de\\\/#organization\",\"name\":\"Verona Lamiere\",\"url\":\"https:\\\/\\\/veronalamiere.it\\\/de\\\/\",\"logo\":{\"@type\":\"ImageObject\",\"inLanguage\":\"de\",\"@id\":\"https:\\\/\\\/veronalamiere.it\\\/de\\\/#\\\/schema\\\/logo\\\/image\\\/\",\"url\":\"https:\\\/\\\/veronalamiere.it\\\/wp-content\\\/uploads\\\/2025\\\/06\\\/vrlamiere_logo_black.png\",\"contentUrl\":\"https:\\\/\\\/veronalamiere.it\\\/wp-content\\\/uploads\\\/2025\\\/06\\\/vrlamiere_logo_black.png\",\"width\":1452,\"height\":229,\"caption\":\"Verona Lamiere\"},\"image\":{\"@id\":\"https:\\\/\\\/veronalamiere.it\\\/de\\\/#\\\/schema\\\/logo\\\/image\\\/\"},\"sameAs\":[\"https:\\\/\\\/www.linkedin.com\\\/company\\\/verona-lamiere-s-p-a-\"]}]}<\/script>\n<!-- \/ Yoast SEO plugin. -->","yoast_head_json":{"title":"Ein gut gemachter Stuhl - Verona Lamiere","robots":{"index":"index","follow":"follow","max-snippet":"max-snippet:-1","max-image-preview":"max-image-preview:large","max-video-preview":"max-video-preview:-1"},"canonical":"https:\/\/veronalamiere.it\/de\/ein-gut-gemachter-stuhl\/","og_locale":"de_DE","og_type":"article","og_title":"Ein gut gemachter Stuhl - Verona Lamiere","og_url":"https:\/\/veronalamiere.it\/de\/ein-gut-gemachter-stuhl\/","og_site_name":"Verona Lamiere","article_modified_time":"2024-09-03T10:02:34+00:00","twitter_card":"summary_large_image","twitter_misc":{"Gesch\u00e4tzte Lesezeit":"3\u00a0Minuten"},"schema":{"@context":"https:\/\/schema.org","@graph":[{"@type":"WebPage","@id":"https:\/\/veronalamiere.it\/de\/ein-gut-gemachter-stuhl\/","url":"https:\/\/veronalamiere.it\/de\/ein-gut-gemachter-stuhl\/","name":"Ein gut gemachter Stuhl - Verona Lamiere","isPartOf":{"@id":"https:\/\/veronalamiere.it\/de\/#website"},"datePublished":"2020-07-29T05:23:13+00:00","dateModified":"2024-09-03T10:02:34+00:00","breadcrumb":{"@id":"https:\/\/veronalamiere.it\/de\/ein-gut-gemachter-stuhl\/#breadcrumb"},"inLanguage":"de","potentialAction":[{"@type":"ReadAction","target":["https:\/\/veronalamiere.it\/de\/ein-gut-gemachter-stuhl\/"]}]},{"@type":"BreadcrumbList","@id":"https:\/\/veronalamiere.it\/de\/ein-gut-gemachter-stuhl\/#breadcrumb","itemListElement":[{"@type":"ListItem","position":1,"name":"Home","item":"https:\/\/veronalamiere.it\/de\/"},{"@type":"ListItem","position":2,"name":"Ein gut gemachter Stuhl"}]},{"@type":"WebSite","@id":"https:\/\/veronalamiere.it\/de\/#website","url":"https:\/\/veronalamiere.it\/de\/","name":"Verona Lamiere","description":"Ihr Partner in der Blechbearbeitung","publisher":{"@id":"https:\/\/veronalamiere.it\/de\/#organization"},"potentialAction":[{"@type":"SearchAction","target":{"@type":"EntryPoint","urlTemplate":"https:\/\/veronalamiere.it\/de\/?s={search_term_string}"},"query-input":{"@type":"PropertyValueSpecification","valueRequired":true,"valueName":"search_term_string"}}],"inLanguage":"de"},{"@type":"Organization","@id":"https:\/\/veronalamiere.it\/de\/#organization","name":"Verona Lamiere","url":"https:\/\/veronalamiere.it\/de\/","logo":{"@type":"ImageObject","inLanguage":"de","@id":"https:\/\/veronalamiere.it\/de\/#\/schema\/logo\/image\/","url":"https:\/\/veronalamiere.it\/wp-content\/uploads\/2025\/06\/vrlamiere_logo_black.png","contentUrl":"https:\/\/veronalamiere.it\/wp-content\/uploads\/2025\/06\/vrlamiere_logo_black.png","width":1452,"height":229,"caption":"Verona Lamiere"},"image":{"@id":"https:\/\/veronalamiere.it\/de\/#\/schema\/logo\/image\/"},"sameAs":["https:\/\/www.linkedin.com\/company\/verona-lamiere-s-p-a-"]}]}},"jetpack_sharing_enabled":true,"_links":{"self":[{"href":"https:\/\/veronalamiere.it\/de\/wp-json\/wp\/v2\/pages\/5283","targetHints":{"allow":["GET"]}}],"collection":[{"href":"https:\/\/veronalamiere.it\/de\/wp-json\/wp\/v2\/pages"}],"about":[{"href":"https:\/\/veronalamiere.it\/de\/wp-json\/wp\/v2\/types\/page"}],"author":[{"embeddable":true,"href":"https:\/\/veronalamiere.it\/de\/wp-json\/wp\/v2\/users\/1"}],"replies":[{"embeddable":true,"href":"https:\/\/veronalamiere.it\/de\/wp-json\/wp\/v2\/comments?post=5283"}],"version-history":[{"count":1,"href":"https:\/\/veronalamiere.it\/de\/wp-json\/wp\/v2\/pages\/5283\/revisions"}],"predecessor-version":[{"id":7161,"href":"https:\/\/veronalamiere.it\/de\/wp-json\/wp\/v2\/pages\/5283\/revisions\/7161"}],"wp:attachment":[{"href":"https:\/\/veronalamiere.it\/de\/wp-json\/wp\/v2\/media?parent=5283"}],"curies":[{"name":"wp","href":"https:\/\/api.w.org\/{rel}","templated":true}]}}