{"id":4930,"date":"2020-06-26T14:37:29","date_gmt":"2020-06-26T14:37:29","guid":{"rendered":"https:\/\/veronalamiere.24co.it\/politique-de-confidentialite\/"},"modified":"2025-11-20T13:00:33","modified_gmt":"2025-11-20T13:00:33","slug":"politique-de-confidentialite","status":"publish","type":"page","link":"https:\/\/veronalamiere.it\/fr\/politique-de-confidentialite\/","title":{"rendered":"Politique de confidentialit\u00e9"},"content":{"rendered":"<section id=\"bt_bb_section69d591d0c1b90\"  class=\"bt_bb_section bt_bb_layout_boxed_1200\" ><div class=\"bt_bb_port\"><div class=\"bt_bb_cell\"><div class=\"bt_bb_cell_inner\"><div class=\"bt_bb_row \"  data-bt-override-class=\"{}\"><div class=\"bt_bb_row_holder\" ><div  class=\"bt_bb_column col-xxl-12 col-xl-12 bt_bb_vertical_align_top bt_bb_align_left bt_bb_padding_normal\"  data-width=\"12\" data-bt-override-class=\"{}\"><div class=\"bt_bb_column_content\"><div class=\"bt_bb_separator bt_bb_border_style_none bt_bb_top_spacing_normal bt_bb_bottom_spacing_normal\" data-bt-override-class=\"null\"><\/div><div class=\"bt_bb_separator bt_bb_border_style_none bt_bb_top_spacing_normal bt_bb_bottom_spacing_normal\" data-bt-override-class=\"null\"><\/div><div class=\"bt_bb_separator bt_bb_border_style_none bt_bb_top_spacing_normal bt_bb_bottom_spacing_normal\" data-bt-override-class=\"null\"><\/div><div  class=\"bt_bb_text\" ><\/p>\n<p>\n&#13;<\/p>\n<p>\n&#13;<\/p>\n<h2><span style=\"color: #1b4962;\"><strong>Privacy policy<\/strong><\/span><\/h2>\n<p>&#13;<\/p>\n<p>Ces informations, conform\u00e9ment aux dispositions conjugu\u00e9es des articles 13 et 14 du R\u00e8glement (UE) 2016\/679 relatif \u00e0 la protection des personnes physiques \u00e0 l\u2019\u00e9gard du traitement des donn\u00e9es \u00e0 caract\u00e8re personnel \u00abRGPD\u00bb, d\u00e9crivent la politique de Verona Lamiere en mati\u00e8re de traitement des donn\u00e9es \u00e0 caract\u00e8re personnel.<\/p>\n<p>&#13;<\/p>\n<p>Verona Lamiere consid\u00e8re qu\u2019il est fondamental de respecter la s\u00e9curit\u00e9 des donn\u00e9es de ses clients et utilisateurs propres et\/ou potentiels en s\u2019engageant \u00e0 garantir que le traitement des donn\u00e9es \u00e0 caract\u00e8re personnel est effectu\u00e9 dans le respect total des garanties et des droits reconnus par RGPD.<\/p>\n<p>&#13;<\/p>\n<p>Cette politique s\u2019applique, sauf indication contraire, au traitement des donn\u00e9es personnelles de tiers avec lesquels la soci\u00e9t\u00e9 collabore en tant que fournisseurs, clients et utilisateurs de ce site Web.<\/p>\n<p>&#13;<\/p>\n<h5>\u00a0<\/h5>\n<p>&#13;<\/p>\n<h5><span style=\"color: #1b4962;\"><strong>Tipi di dati trattati e finalit\u00e0 del trattamento<\/strong><\/span><\/h5>\n<p>&#13;<\/p>\n<p>La Soci\u00e9t\u00e9 traite principalement les types de donn\u00e9es personnelles courantes suivants : les donn\u00e9es fournies volontairement par les utilisateurs de ce site web, comprenant des informations personnelles et de contact (par exemple, nom, pr\u00e9nom, num\u00e9ro de t\u00e9l\u00e9phone, adresse \u00e9lectronique), les donn\u00e9es contenues dans les lettres de motivation et les CV, les donn\u00e9es collect\u00e9es dans le cadre d\u2019activit\u00e9s pr\u00e9contractuelles et contractuelles, comprenant les informations de contact de l\u2019entreprise (par exemple, nom et pr\u00e9nom, adresse \u00e9lectronique de l\u2019entreprise, num\u00e9ro de t\u00e9l\u00e9phone de l\u2019entreprise) et les donn\u00e9es de navigation. Sauf indication contraire explicite, elle ne collecte en aucun cas de donn\u00e9es sensibles susceptibles de r\u00e9v\u00e9ler, par exemple, l&rsquo;\u00e9tat physique et de sant\u00e9, les convictions religieuses, les pr\u00e9f\u00e9rences et la vie sexuelle d&rsquo;une personne.<\/p>\n<p>&#13;<\/p>\n<p>Verona Lamiere peut traiter des donn\u00e9es \u00e0 caract\u00e8re personnel aux fins suivantes : donner suite \u00e0 des demandes de contact et\/ou d\u2019informations, effectuer des d\u00e9marches pr\u00e9contractuelles et contractuelles, fournir une assistance concernant ses produits et\/ou services, remplir les obligations l\u00e9gales et r\u00e9glementaires auxquelles Verona Lamiere est tenue de satisfaire, recueillir des candidatures spontan\u00e9es pour le recrutement et la s\u00e9lection de personnel.<\/p>\n<p>&#13;<\/p>\n<h5><strong><br \/><\/strong><span style=\"color: #1b4962;\"><strong>Modalit\u00e0 di trattamento dei dati\u00a0<\/strong><\/span><\/h5>\n<p>&#13;<\/p>\n<p>L\u2019int\u00e9r\u00eat principal de Verona Lamiere est de prot\u00e9ger les donn\u00e9es personnelles, en fondant leur traitement sur les principes d\u2019\u00e9quit\u00e9, de lic\u00e9it\u00e9 et de transparence. Les donn\u00e9es personnelles seront trait\u00e9es \u00e0 l&rsquo;aide d&rsquo;outils et de proc\u00e9dures con\u00e7us pour garantir une s\u00e9curit\u00e9 et une confidentialit\u00e9 maximales, en utilisant des archives et des supports papier, ainsi qu&rsquo;\u00e0 l&rsquo;aide de moyens num\u00e9riques, informatiques et t\u00e9l\u00e9matiques.<\/p>\n<p>&#13;<\/p>\n<h5><strong><br \/><\/strong><span style=\"color: #1b4962;\"><strong>Periodo di conservazione dei dati\u00a0<\/strong><\/span><\/h5>\n<p>&#13;<\/p>\n<p>Les donn\u00e9es sont conserv\u00e9es pour la r\u00e9alisation des objectifs, pour l\u2019accomplissement des obligations (par exemple, fiscales et comptables) qui subsistent m\u00eame apr\u00e8s la fin du contrat, \u00e0 ces fins le propri\u00e9taire ne conservera que les donn\u00e9es n\u00e9cessaires \u00e0 la poursuite de celui-ci.<\/p>\n<p>&#13;<\/p>\n<p>Ceci est sans pr\u00e9judice des cas dans lesquels les droits d\u00e9coulant du contrat et\/ou de l\u2019enregistrement des donn\u00e9es personnelles, auquel cas les donn\u00e9es personnelles de l\u2019int\u00e9ress\u00e9, exclusivement celles n\u00e9cessaires \u00e0 ces fins, seront trait\u00e9es pendant le temps n\u00e9cessaire \u00e0 leur poursuite.<\/p>\n<p>&#13;<\/p>\n<h5>\u00a0<\/h5>\n<p>&#13;<\/p>\n<h5><span style=\"color: #1b4962;\"><strong>Destinatari o categorie di destinatari\u00a0<\/strong><\/span><\/h5>\n<p>&#13;<\/p>\n<p>La communication des donn\u00e9es personnelles s\u2019effectue principalement vers des tiers et\/ou des destinataires dont l\u2019activit\u00e9 est n\u00e9cessaire \u00e0 l\u2019exercice des activit\u00e9s inh\u00e9rentes \u00e0 la relation \u00e9tablie et pour r\u00e9pondre \u00e0 certaines obligations l\u00e9gales, tels que:<\/p>\n<p>&#13;<\/p>\n<table>&#13;<\/p>\n<thead>&#13;<\/p>\n<tr>&#13;<\/p>\n<td width=\"245\">&#13;<\/p>\n<h6><span style=\"color: #1b4962;\">Categorie di destinatari<\/span><\/h6>\n<p>&#13;\n<\/td>\n<p>&#13;<\/p>\n<td width=\"396\">&#13;<\/p>\n<h6><span style=\"color: #1b4962;\">Finalit\u00e0<\/span><\/h6>\n<p>&#13;\n<\/td>\n<p>&#13;<br \/>\n<\/tr>\n<p>&#13;<\/p>\n<tr>&#13;<\/p>\n<td width=\"245\">&#13;<\/p>\n<p>Soci\u00e9t\u00e9s du groupe<\/p>\n<p>&#13;\n<\/td>\n<p>&#13;<\/p>\n<td width=\"396\">&#13;<\/p>\n<p>Obligations administratives, comptables et contractuelles li\u00e9es \u00e0 l&rsquo;ex\u00e9cution,<\/p>\n<p>&#13;\n<\/td>\n<p>&#13;<br \/>\n<\/tr>\n<p>&#13;<\/p>\n<tr>&#13;<\/p>\n<td width=\"245\">&#13;<\/p>\n<p>Soci\u00e9t\u00e9s du groupe et fournisseurs tiers<\/p>\n<p>&#13;\n<\/td>\n<p>&#13;<\/p>\n<td width=\"396\">&#13;<\/p>\n<p>assistance, maintenance, livraison\/exp\u00e9dition des produits, fourniture de services compl\u00e9mentaires li\u00e9s au service demand\u00e9<\/p>\n<p>&#13;\n<\/td>\n<p>&#13;<br \/>\n<\/tr>\n<p>&#13;<\/p>\n<tr>&#13;<\/p>\n<td width=\"245\">&#13;<\/p>\n<p>\u00c9tablissements de cr\u00e9dit et de paiement num\u00e9rique, banques\/bureaux de poste<\/p>\n<p>&#13;\n<\/td>\n<p>&#13;<\/p>\n<td width=\"396\">&#13;<\/p>\n<p>Gestion des encaissements, des paiements et des remboursements li\u00e9s \u00e0 l&rsquo;ex\u00e9cution des contrats<\/p>\n<p>&#13;\n<\/td>\n<p>&#13;<br \/>\n<\/tr>\n<p>&#13;<\/p>\n<tr>&#13;<\/p>\n<td width=\"245\">&#13;<\/p>\n<p>Professionnels\/consultants externes et cabinets de conseil<\/p>\n<p>&#13;\n<\/td>\n<p>&#13;<\/p>\n<td width=\"396\">&#13;<\/p>\n<p>Respect des obligations l\u00e9gales, exercice des droits, protection des droits contractuels, recouvrement de cr\u00e9ances<\/p>\n<p>&#13;\n<\/td>\n<p>&#13;<br \/>\n<\/tr>\n<p>&#13;<\/p>\n<tr>&#13;<\/p>\n<td width=\"245\">&#13;<\/p>\n<p>Administration financi\u00e8re, organismes publics, autorit\u00e9 judiciaire, autorit\u00e9s de surveillance et de contr\u00f4le<\/p>\n<p>&#13;\n<\/td>\n<p>&#13;<\/p>\n<td width=\"396\">&#13;<\/p>\n<p>Respect des obligations l\u00e9gales, d\u00e9fense des droits ; listes et registres tenus par les autorit\u00e9s publiques ou organismes similaires sur la base d&rsquo;une l\u00e9gislation sp\u00e9cifique, en relation avec l&rsquo;ex\u00e9cution des contrats<\/p>\n<p>&#13;\n<\/td>\n<p>&#13;<br \/>\n<\/tr>\n<p>&#13;<\/p>\n<tr>&#13;<\/p>\n<td width=\"245\">&#13;<\/p>\n<p>Sujets formellement d\u00e9l\u00e9gu\u00e9s ou ayant un titre l\u00e9gal reconnu<\/p>\n<p>&#13;\n<\/td>\n<p>&#13;<\/p>\n<td width=\"396\">&#13;<\/p>\n<p>Repr\u00e9sentants l\u00e9gaux, curateurs, tuteurs, etc.<\/p>\n<p>&#13;\n<\/td>\n<p>&#13;<br \/>\n<\/tr>\n<p>&#13;\n<\/thead>\n<p>&#13;<br \/>\n<\/table>\n<p>&#13;<\/p>\n<p>Le propri\u00e9taire ne transf\u00e8re pas de donn\u00e9es personnelles vers des pays tiers o\u00f9 la r\u00e9glementation en mati\u00e8re de traitement des donn\u00e9es personnelles ne garantit pas les m\u00eames droits et protections que ceux pr\u00e9vus par le RGPD.<\/p>\n<p>&#13;<\/p>\n<h5>\u00a0<\/h5>\n<p>&#13;<\/p>\n<h5><span style=\"color: #1b4962;\"><strong>Diritti dell&rsquo;interessato\u00a0<\/strong><\/span><\/h5>\n<p>&#13;<\/p>\n<p>Les parties int\u00e9ress\u00e9es se voient accorder les droits, dans les cas et dans les limites \u00e9tablis par le R\u00e8glement vis\u00e9 aux articles. de 15 \u00e0 20. \u00c0 titre d&rsquo;exemple, chaque partie int\u00e9ress\u00e9e peut :<\/p>\n<p>&#13;<\/p>\n<ol>&#13;<\/p>\n<li>Ottenere la conferma che sia o meno in corso un trattamento di dati personali che lo riguardano;<\/li>\n<p>&#13;<\/p>\n<li>Qualora un trattamento sia in corso, ottenere l\u2019accesso ai dati personali e alle informazioni relative al trattamento nonch\u00e9 richiedere una copia dei dati personali;<\/li>\n<p>&#13;<\/p>\n<li>Ottenere la rettifica dei dati personali inesatti e l\u2019integrazione dei dati personali incompleti;<\/li>\n<p>&#13;<\/p>\n<li>Ottenere, qualora sussista una delle condizioni previste dall\u2019art. 17 del GDPR, la cancellazione dei dati personali che lo riguardano;<\/li>\n<p>&#13;<\/p>\n<li>Ottenere, nei casi previsti dall\u2019art. 18 del GDPR, la limitazione del trattamento;<\/li>\n<p>&#13;<\/p>\n<li>Ricevere i dati personali che lo riguardano in un formato strutturato, di uso comune e leggibile da dispositivo automatico e richiedere la loro trasmissione ad un altro titolare, se tecnicamente fattibile.<\/li>\n<p>&#13;\n<\/ol>\n<p>&#13;<\/p>\n<p>Afin de garantir que les droits susmentionn\u00e9s sont exerc\u00e9s par l\u2019int\u00e9ress\u00e9 et non par des tiers non autoris\u00e9s, le propri\u00e9taire peut demander \u00e0 ce dernier de fournir toute information suppl\u00e9mentaire n\u00e9cessaire \u00e0 cette fin.<\/p>\n<p>&#13;<\/p>\n<h5><strong><br \/><\/strong><span style=\"color: #1b4962;\"><strong>Opposizione al trattamento<\/strong><\/span><\/h5>\n<p>&#13;<\/p>\n<p>L\u2019int\u00e9ress\u00e9 peut s\u2019opposer au traitement des donn\u00e9es en adressant la demande \u00e0 privacy@veronalamiere.it, sans toutefois porter pr\u00e9judice au traitement ult\u00e9rieur des m\u00eames donn\u00e9es sur la base d\u2019autres bases l\u00e9gales (par exemple, obligations contractuelles ou obligations l\u00e9gales auxquelles le propri\u00e9taire est soumis).<\/p>\n<p>&#13;<\/p>\n<p><strong> <\/strong><\/p>\n<p>&#13;<\/p>\n<h5><span style=\"color: #1b4962;\"><strong>Diritto di proporre reclamo al Garante<\/strong><\/span><\/h5>\n<p>&#13;<\/p>\n<p>Chaque partie int\u00e9ress\u00e9e peut d\u00e9poser une r\u00e9clamation aupr\u00e8s du Garant pour la Protection des donn\u00e9es personnelles dans le cas o\u00f9 il estime que les droits dont il est propri\u00e9taire au titre du RGPD ont \u00e9t\u00e9 viol\u00e9s, selon les modalit\u00e9s indiqu\u00e9es sur le site Internet du Garant, accessible \u00e0 l\u2019adresse: <a href=\"http:\/\/www.garanteprivacy.it\">www.garanteprivacy.it<\/a>.<\/p>\n<p>&#13;<\/p>\n<h5><strong><br \/><span style=\"color: #1b4962;\">Titolare del trattamento\u00a0<\/span><\/strong><\/h5>\n<p>&#13;<\/p>\n<p>Le responsable du traitement des donn\u00e9es est Verona Lamiere S.p.A., Via Giovanni Pascoli, 46 &#8211; 37059 Campagnola di Zevio (Verona), Italy<br \/>Tel. +39 045 8738311<br \/>E-mail, <a href=\"mailto:info@veronalamiere.it\">info@veronalamiere.it<\/a>.<\/p>\n<p>&#13;<\/p>\n<p>\n&#13;<\/p>\n<p>\n<\/div><div class=\"bt_bb_separator bt_bb_border_style_none bt_bb_top_spacing_normal bt_bb_bottom_spacing_normal\" data-bt-override-class=\"null\"><\/div><\/div><\/div><\/div><\/div><\/div><\/div><\/div><\/section>","protected":false},"excerpt":{"rendered":"","protected":false},"author":1,"featured_media":0,"parent":0,"menu_order":0,"comment_status":"closed","ping_status":"open","template":"","meta":{"footnotes":""},"class_list":["post-4930","page","type-page","status-publish","hentry"],"yoast_head":"<!-- This site is optimized with the Yoast SEO plugin v27.3 - https:\/\/yoast.com\/product\/yoast-seo-wordpress\/ -->\n<title>Politique de confidentialit\u00e9 - Verona Lamiere<\/title>\n<meta name=\"robots\" content=\"index, follow, max-snippet:-1, max-image-preview:large, max-video-preview:-1\" \/>\n<link rel=\"canonical\" href=\"https:\/\/veronalamiere.it\/fr\/politique-de-confidentialite\/\" \/>\n<meta property=\"og:locale\" content=\"fr_FR\" \/>\n<meta property=\"og:type\" content=\"article\" \/>\n<meta property=\"og:title\" content=\"Politique de confidentialit\u00e9 - Verona Lamiere\" \/>\n<meta property=\"og:url\" content=\"https:\/\/veronalamiere.it\/fr\/politique-de-confidentialite\/\" \/>\n<meta property=\"og:site_name\" content=\"Verona Lamiere\" \/>\n<meta property=\"article:modified_time\" content=\"2025-11-20T13:00:33+00:00\" \/>\n<meta name=\"twitter:card\" content=\"summary_large_image\" \/>\n<meta name=\"twitter:label1\" content=\"Dur\u00e9e de lecture estim\u00e9e\" \/>\n\t<meta name=\"twitter:data1\" content=\"7 minutes\" \/>\n<script type=\"application\/ld+json\" class=\"yoast-schema-graph\">{\"@context\":\"https:\\\/\\\/schema.org\",\"@graph\":[{\"@type\":\"WebPage\",\"@id\":\"https:\\\/\\\/veronalamiere.it\\\/fr\\\/politique-de-confidentialite\\\/\",\"url\":\"https:\\\/\\\/veronalamiere.it\\\/fr\\\/politique-de-confidentialite\\\/\",\"name\":\"Politique de confidentialit\u00e9 - Verona Lamiere\",\"isPartOf\":{\"@id\":\"https:\\\/\\\/veronalamiere.it\\\/fr\\\/#website\"},\"datePublished\":\"2020-06-26T14:37:29+00:00\",\"dateModified\":\"2025-11-20T13:00:33+00:00\",\"breadcrumb\":{\"@id\":\"https:\\\/\\\/veronalamiere.it\\\/fr\\\/politique-de-confidentialite\\\/#breadcrumb\"},\"inLanguage\":\"fr-FR\",\"potentialAction\":[{\"@type\":\"ReadAction\",\"target\":[\"https:\\\/\\\/veronalamiere.it\\\/fr\\\/politique-de-confidentialite\\\/\"]}]},{\"@type\":\"BreadcrumbList\",\"@id\":\"https:\\\/\\\/veronalamiere.it\\\/fr\\\/politique-de-confidentialite\\\/#breadcrumb\",\"itemListElement\":[{\"@type\":\"ListItem\",\"position\":1,\"name\":\"Home\",\"item\":\"https:\\\/\\\/veronalamiere.it\\\/fr\\\/\"},{\"@type\":\"ListItem\",\"position\":2,\"name\":\"Politique de confidentialit\u00e9\"}]},{\"@type\":\"WebSite\",\"@id\":\"https:\\\/\\\/veronalamiere.it\\\/fr\\\/#website\",\"url\":\"https:\\\/\\\/veronalamiere.it\\\/fr\\\/\",\"name\":\"Verona Lamiere\",\"description\":\"Votre partenaire dans le domaine de la t\u00f4lerie\",\"publisher\":{\"@id\":\"https:\\\/\\\/veronalamiere.it\\\/fr\\\/#organization\"},\"potentialAction\":[{\"@type\":\"SearchAction\",\"target\":{\"@type\":\"EntryPoint\",\"urlTemplate\":\"https:\\\/\\\/veronalamiere.it\\\/fr\\\/?s={search_term_string}\"},\"query-input\":{\"@type\":\"PropertyValueSpecification\",\"valueRequired\":true,\"valueName\":\"search_term_string\"}}],\"inLanguage\":\"fr-FR\"},{\"@type\":\"Organization\",\"@id\":\"https:\\\/\\\/veronalamiere.it\\\/fr\\\/#organization\",\"name\":\"Verona Lamiere\",\"url\":\"https:\\\/\\\/veronalamiere.it\\\/fr\\\/\",\"logo\":{\"@type\":\"ImageObject\",\"inLanguage\":\"fr-FR\",\"@id\":\"https:\\\/\\\/veronalamiere.it\\\/fr\\\/#\\\/schema\\\/logo\\\/image\\\/\",\"url\":\"https:\\\/\\\/veronalamiere.it\\\/wp-content\\\/uploads\\\/2025\\\/06\\\/vrlamiere_logo_black.png\",\"contentUrl\":\"https:\\\/\\\/veronalamiere.it\\\/wp-content\\\/uploads\\\/2025\\\/06\\\/vrlamiere_logo_black.png\",\"width\":1452,\"height\":229,\"caption\":\"Verona Lamiere\"},\"image\":{\"@id\":\"https:\\\/\\\/veronalamiere.it\\\/fr\\\/#\\\/schema\\\/logo\\\/image\\\/\"},\"sameAs\":[\"https:\\\/\\\/www.linkedin.com\\\/company\\\/verona-lamiere-s-p-a-\"]}]}<\/script>\n<!-- \/ Yoast SEO plugin. -->","yoast_head_json":{"title":"Politique de confidentialit\u00e9 - Verona Lamiere","robots":{"index":"index","follow":"follow","max-snippet":"max-snippet:-1","max-image-preview":"max-image-preview:large","max-video-preview":"max-video-preview:-1"},"canonical":"https:\/\/veronalamiere.it\/fr\/politique-de-confidentialite\/","og_locale":"fr_FR","og_type":"article","og_title":"Politique de confidentialit\u00e9 - Verona Lamiere","og_url":"https:\/\/veronalamiere.it\/fr\/politique-de-confidentialite\/","og_site_name":"Verona Lamiere","article_modified_time":"2025-11-20T13:00:33+00:00","twitter_card":"summary_large_image","twitter_misc":{"Dur\u00e9e de lecture estim\u00e9e":"7 minutes"},"schema":{"@context":"https:\/\/schema.org","@graph":[{"@type":"WebPage","@id":"https:\/\/veronalamiere.it\/fr\/politique-de-confidentialite\/","url":"https:\/\/veronalamiere.it\/fr\/politique-de-confidentialite\/","name":"Politique de confidentialit\u00e9 - Verona Lamiere","isPartOf":{"@id":"https:\/\/veronalamiere.it\/fr\/#website"},"datePublished":"2020-06-26T14:37:29+00:00","dateModified":"2025-11-20T13:00:33+00:00","breadcrumb":{"@id":"https:\/\/veronalamiere.it\/fr\/politique-de-confidentialite\/#breadcrumb"},"inLanguage":"fr-FR","potentialAction":[{"@type":"ReadAction","target":["https:\/\/veronalamiere.it\/fr\/politique-de-confidentialite\/"]}]},{"@type":"BreadcrumbList","@id":"https:\/\/veronalamiere.it\/fr\/politique-de-confidentialite\/#breadcrumb","itemListElement":[{"@type":"ListItem","position":1,"name":"Home","item":"https:\/\/veronalamiere.it\/fr\/"},{"@type":"ListItem","position":2,"name":"Politique de confidentialit\u00e9"}]},{"@type":"WebSite","@id":"https:\/\/veronalamiere.it\/fr\/#website","url":"https:\/\/veronalamiere.it\/fr\/","name":"Verona Lamiere","description":"Votre partenaire dans le domaine de la t\u00f4lerie","publisher":{"@id":"https:\/\/veronalamiere.it\/fr\/#organization"},"potentialAction":[{"@type":"SearchAction","target":{"@type":"EntryPoint","urlTemplate":"https:\/\/veronalamiere.it\/fr\/?s={search_term_string}"},"query-input":{"@type":"PropertyValueSpecification","valueRequired":true,"valueName":"search_term_string"}}],"inLanguage":"fr-FR"},{"@type":"Organization","@id":"https:\/\/veronalamiere.it\/fr\/#organization","name":"Verona Lamiere","url":"https:\/\/veronalamiere.it\/fr\/","logo":{"@type":"ImageObject","inLanguage":"fr-FR","@id":"https:\/\/veronalamiere.it\/fr\/#\/schema\/logo\/image\/","url":"https:\/\/veronalamiere.it\/wp-content\/uploads\/2025\/06\/vrlamiere_logo_black.png","contentUrl":"https:\/\/veronalamiere.it\/wp-content\/uploads\/2025\/06\/vrlamiere_logo_black.png","width":1452,"height":229,"caption":"Verona Lamiere"},"image":{"@id":"https:\/\/veronalamiere.it\/fr\/#\/schema\/logo\/image\/"},"sameAs":["https:\/\/www.linkedin.com\/company\/verona-lamiere-s-p-a-"]}]}},"jetpack_sharing_enabled":true,"_links":{"self":[{"href":"https:\/\/veronalamiere.it\/fr\/wp-json\/wp\/v2\/pages\/4930","targetHints":{"allow":["GET"]}}],"collection":[{"href":"https:\/\/veronalamiere.it\/fr\/wp-json\/wp\/v2\/pages"}],"about":[{"href":"https:\/\/veronalamiere.it\/fr\/wp-json\/wp\/v2\/types\/page"}],"author":[{"embeddable":true,"href":"https:\/\/veronalamiere.it\/fr\/wp-json\/wp\/v2\/users\/1"}],"replies":[{"embeddable":true,"href":"https:\/\/veronalamiere.it\/fr\/wp-json\/wp\/v2\/comments?post=4930"}],"version-history":[{"count":8,"href":"https:\/\/veronalamiere.it\/fr\/wp-json\/wp\/v2\/pages\/4930\/revisions"}],"predecessor-version":[{"id":8750,"href":"https:\/\/veronalamiere.it\/fr\/wp-json\/wp\/v2\/pages\/4930\/revisions\/8750"}],"wp:attachment":[{"href":"https:\/\/veronalamiere.it\/fr\/wp-json\/wp\/v2\/media?parent=4930"}],"curies":[{"name":"wp","href":"https:\/\/api.w.org\/{rel}","templated":true}]}}